{"id":1475,"date":"2015-05-20T12:46:38","date_gmt":"2015-05-20T10:46:38","guid":{"rendered":"http:\/\/www.larondinepisa.it\/?page_id=1475"},"modified":"2015-05-20T17:55:23","modified_gmt":"2015-05-20T15:55:23","slug":"privacy","status":"publish","type":"page","link":"https:\/\/www.larondinepisa.it\/?page_id=1475","title":{"rendered":"Privacy"},"content":{"rendered":"<div class=\"wpb_row clearfix vc_row-fluid cs-row-container-wrap vc_custom_1432137352004\"><div class=\"ww-parallax-bg\" style=\"background:#FFF ; opacity :0;\"><\/div><div class=\"container cs-row-container stripe-video-content \" ><div class=\"row\">\n\t<div class=\"vc_col-sm-12 wpb_column vc_column_container  \" >\n\t\t<div class=\"wpb_wrapper\">\n\t\t\t\n\t<div class=\"wpb_text_column wpb_content_element \">\n\t\t<div class=\"wpb_wrapper\">\n\t\t\t<p>INFORMATIVA AI SENSI DEL DLGS 196\/2003<\/p>\n<p>FINALIT\u00c0 E MODALIT\u00c0 DEL TRATTAMENTO DEI DATI PERSONALI<br \/>\nI dati personali da te liberamente forniti saranno trattati al fine di:<br \/>\na) fornire il servizio in precedenza indicato (di seguito \u201cServizio\u201d) e da te liberamente scelto nonch\u00e8 per consentire al gestore del sito di svolgere l\u2019indagine relativa a detto Servizio ricevuto;<br \/>\nb) fornire, previo tuo espresso consenso, informazioni commerciali e\/o promozionali nonch\u00e8 inviare materiale pubblicitario o effettuare attivit\u00e0 di vendita diretta o comunicazioni commerciali interattive su prodotti, servizi ed altre attivit\u00e0 del gestore del sito , ovvero compiere ricerche di mercato o identificare abitudini e propensioni al consumo.<\/p>\n<p>Il trattamento dei dati per ciascuna delle finalit\u00e0 di cui sopra avverr\u00e0 con modalit\u00e0 cartacee, automatizzate e telematiche e, in particolare, a mezzo posta ordinaria od elettronica, telefono (tramite chiamate anche automatizzate, sms, mms etc) e telefax.<\/p>\n<p>CONSEGUENZE DELL\u2019EVENTUALE MANCATO CONFERIMENTO DEI DATI<br \/>\nIl conferimento dei dati personali \u00e8 sempre facoltativo, tuttavia, in mancanza dei dati contrassegnati con l\u2019asterisco come \u201cobbligatori\u201d, il Servizio richiesto non potr\u00e0 essere erogato e non potrai essere correttamente identificato. Il mancato conferimento dei restanti dati non contrassegnati come \u201cobbligatori\u201d consentir\u00e0 comunque l\u2019ottenimento del Servizio.<\/p>\n<p>SOGGETTI CHE POSSONO VENIRE A CONOSCENZA DEI TUOI DATI<br \/>\nI tuoi dati personali, raccolti con la presente registrazione, potranno essere trattati da incaricati del trattamento, anche esterni, preposti alla gestione del Servizio richiesto ed alle previste attivit\u00e0 di marketing e dal\/dai Responsabile\/i del trattamento o dalle societ\u00e0 cui i dati medesimi sono stati comunicati come di seguito previsto.<\/p>\n<p>SOGGETTI AI QUALI I TUOI DATI PERSONALI POTRANNO ESSERE COMUNICATI<br \/>\nI tuoi dati personali potranno essere comunicati a terzi per adempiere ad obblighi di legge, ovvero per rispettare ordini provenienti da pubbliche autorit\u00e0 ovvero per esercitare un diritto in sede giudiziaria.<br \/>\nInoltre, previo tuo consenso, i tuoi dati potranno essere comunicati anche alla dal gestore del sito , che li tratteranno per finalit\u00e0 connesse alla promozione dei rispettivi prodotti e servizi.<\/p>\n<p align=\"LEFT\">TITOLARE E RESPONSABILE DEL TRATTAMENTO<br \/>\nResponsabile del trattamento per il Servizio \u00e8 Bed and Breakfast La Rondine di Pollastrini Arianna &amp;C. s.a.s. P.iva 01796360509 con sede legale in <span style=\"font-size: medium;\">Via Statale Abetone, 246\/ San Giuliano Terme, 56017 Pisa.<br \/>\n<\/span><\/p>\n<p>I TUOI DIRITTI<br \/>\nAi sensi dell\u2019Art. 7 del D. lgs. 196\/2003 \u00e8 tuo diritto accedere ai tuoi dati, ottenere senza ritardo l\u2019aggiornamento o la cancellazione per eventuali trattamenti in violazione di legge, di opporti al trattamento dei tuoi dati per finalit\u00e0 commerciale o pubblicitaria nonch\u00e8 richiedere l\u2019elenco completo ed aggiornato di tutti i Responsabili del trattamento, scrivendo a <a href=\"mailto:info@larondinepisa.it\">info@larondinepisa.it<\/a><\/p>\n\n\t\t<\/div> \n\t<\/div> \n\t\t<\/div> \n\t<\/div> \n<\/div><\/div><\/div>\n","protected":false},"excerpt":{"rendered":"INFORMATIVA AI SENSI DEL DLGS 196\/2003 FINALIT\u00c0 E MODALIT\u00c0 DEL TRATTAMENTO DEI DATI PERSONALI I dati personali da te liberamente forniti saranno trattati al fine di: a) fornire il servizio in precedenza indicato (di seguito \u201cServizio\u201d) e da te liberamente scelto nonch\u00e8 per consentire al gestore del sito di svolgere l\u2019indagine relativa a detto Servizio [...]","protected":false},"author":1,"featured_media":0,"parent":0,"menu_order":0,"comment_status":"closed","ping_status":"closed","template":"","meta":[],"_links":{"self":[{"href":"https:\/\/www.larondinepisa.it\/index.php?rest_route=\/wp\/v2\/pages\/1475"}],"collection":[{"href":"https:\/\/www.larondinepisa.it\/index.php?rest_route=\/wp\/v2\/pages"}],"about":[{"href":"https:\/\/www.larondinepisa.it\/index.php?rest_route=\/wp\/v2\/types\/page"}],"author":[{"embeddable":true,"href":"https:\/\/www.larondinepisa.it\/index.php?rest_route=\/wp\/v2\/users\/1"}],"replies":[{"embeddable":true,"href":"https:\/\/www.larondinepisa.it\/index.php?rest_route=%2Fwp%2Fv2%2Fcomments&post=1475"}],"version-history":[{"count":5,"href":"https:\/\/www.larondinepisa.it\/index.php?rest_route=\/wp\/v2\/pages\/1475\/revisions"}],"predecessor-version":[{"id":1486,"href":"https:\/\/www.larondinepisa.it\/index.php?rest_route=\/wp\/v2\/pages\/1475\/revisions\/1486"}],"wp:attachment":[{"href":"https:\/\/www.larondinepisa.it\/index.php?rest_route=%2Fwp%2Fv2%2Fmedia&parent=1475"}],"curies":[{"name":"wp","href":"https:\/\/api.w.org\/{rel}","templated":true}]}}