{"id":1501,"date":"2015-05-20T23:00:39","date_gmt":"2015-05-20T21:00:39","guid":{"rendered":"http:\/\/www.larondinepisa.it\/?page_id=1501"},"modified":"2024-05-20T12:20:34","modified_gmt":"2024-05-20T10:20:34","slug":"la-rondine-lucca-de","status":"publish","type":"page","link":"https:\/\/www.larondinepisa.it\/?page_id=1501&lang=de","title":{"rendered":"La rondine lucca DE"},"content":{"rendered":"<div class=\"wpb-content-wrapper\"><p>[vc_row full_width=&#8221;false&#8221; row_responsive_large=&#8221;&#8221; row_responsive_medium=&#8221;&#8221; row_responsive_small=&#8221;&#8221; row_responsive_extra_small=&#8221;&#8221; row_effect_backgound=&#8221;&#8221; same_height=&#8221;&#8221; enable_parallax=&#8221;&#8221; parallax_speed=&#8221;0.8&#8243; bg_video_transparent=&#8221;0&#8243; css=&#8221;.vc_custom_1431034505958{padding-top: 55px !important;padding-bottom: 0px !important;}&#8221;][vc_column width=&#8221;1\/1&#8243; column_responsive_large=&#8221;&#8221; column_responsive_medium=&#8221;&#8221; column_responsive_small=&#8221;&#8221; column_responsive_extra_small=&#8221;&#8221; column_2_responsive=&#8221;&#8221; offset=&#8221;vc_col-lg-6 vc_col-md-12 vc_col-xs-12&#8243;][vc_column_text]<\/p>\n<h1 style=\"line-height: 35px; margin-bottom: 25px; margin-top: -14px;\"><span class=\"light home-black-small\">Wohnung<\/span> <span class=\"bold home-gold-small\">LA RONDINE\u00a0LUCCA<\/span><\/h1>\n<p class=\"regular home-text\">Doppelzimmer, Zimmer mit Klimaanlage mit Doppelschlafcouch, Ottomane Einzelbett und Bad mit Dusche im ersten Stock, ist das Dachgeschoss der K\u00fcche, Badezimmer mit Dusche und eine gro\u00dfe Terrasse von 20 qm mit Tisch f\u00fcr Mahlzeiten im Freien und Sonnenschirm.<\/p>\n<p class=\"regular home-text\">Blick auf die T\u00fcrme der Altstadt von Lucca.<\/p>\n<p class=\"regular home-text\">Private Parkpl\u00e4tze.<\/p>\n<p class=\"regular home-text\">Die Preise beinhalten: Wasser, Strom, Gas, Bettw\u00e4sche und Handt\u00fccher mit w\u00f6chentlichem Wechsel<\/p>\n<p class=\"regular home-text\">La Rondine Lucca Ferienhaus oder schlafen in billigen Hotels in Lucca Wohnung mit den Annehmlichkeiten eines Hotels, aber zu niedrigen Kosten. Swallow mit Ferienheim Wohnungen Lucca W\u00e4nden k\u00f6nnen Sie jetzt sparen!<\/p>\n<p>[\/vc_column_text][vc_btn title=&#8221;Kontakte&#8221; style=&#8221;custom&#8221; shape=&#8221;rounded&#8221; color=&#8221;grey&#8221; size=&#8221;md&#8221; align=&#8221;inline&#8221; i_align=&#8221;left&#8221; i_type=&#8221;fontawesome&#8221; i_icon_fontawesome=&#8221;fa fa-calendar&#8221; i_icon_openiconic=&#8221;vc-oi vc-oi-dial&#8221; i_icon_typicons=&#8221;typcn typcn-adjust-brightness&#8221; i_icon_entypo=&#8221;entypo-icon entypo-icon-note&#8221; i_icon_linecons=&#8221;vc_li vc_li-heart&#8221; link=&#8221;url:http%3A%2F%2Fwww.larondinepisa.it%2F%3Fpage_id%3D1507%26lang%3Dde||&#8221; custom_background=&#8221;#a37b44&#8243; custom_text=&#8221;#ffffff&#8221; button_block=&#8221;&#8221; add_icon=&#8221;true&#8221; i_icon_pixelicons=&#8221;vc_pixel_icon vc_pixel_icon-alert&#8221;][\/vc_column][vc_column width=&#8221;1\/2&#8243; column_responsive_large=&#8221;&#8221; column_responsive_medium=&#8221;1&#8243; column_responsive_small=&#8221;1&#8243; column_responsive_extra_small=&#8221;1&#8243; column_2_responsive=&#8221;&#8221; text_align=&#8221;right&#8221;][vc_single_image image=&#8221;2367&#8243; border_color=&#8221;grey&#8221; img_link_large=&#8221;&#8221; img_link_target=&#8221;_self&#8221; img_size=&#8221;full&#8221;][\/vc_column][\/vc_row][vc_row full_width=&#8221;false&#8221; parallax=&#8221;&#8221; parallax_image=&#8221;&#8221; row_responsive_large=&#8221;&#8221; row_responsive_medium=&#8221;&#8221; row_responsive_small=&#8221;&#8221; row_responsive_extra_small=&#8221;&#8221; dt_id=&#8221;&#8221; type=&#8221;&#8221; row_effect_backgound=&#8221;&#8221; row_head_color=&#8221;&#8221; row_link_color=&#8221;&#8221; row_link_color_hover=&#8221;&#8221; same_height=&#8221;&#8221; animation=&#8221;&#8221; enable_parallax=&#8221;&#8221; parallax_speed=&#8221;0.8&#8243; bg_video_color=&#8221;&#8221; bg_video_transparent=&#8221;0&#8243; bg_video_src_mp4=&#8221;&#8221; bg_video_src_ogv=&#8221;&#8221; bg_video_src_webm=&#8221;&#8221; css=&#8221;.vc_custom_1431034505958{padding-top: 55px !important;padding-bottom: 0px !important;}&#8221; el_id=&#8221;&#8221;][vc_column width=&#8221;1\/1&#8243; column_responsive_large=&#8221;1&#8243; column_responsive_medium=&#8221;&#8221; column_responsive_small=&#8221;&#8221; column_responsive_extra_small=&#8221;&#8221; column_2_responsive=&#8221;&#8221; text_align=&#8221;right&#8221; offset=&#8221;vc_col-xs-12&#8243;][vc_single_image image=&#8221;2226&#8243; border_color=&#8221;grey&#8221; img_link_large=&#8221;&#8221; img_link_target=&#8221;_self&#8221; img_size=&#8221;full&#8221;][\/vc_column][\/vc_row][vc_row full_width=&#8221;false&#8221; parallax=&#8221;&#8221; parallax_image=&#8221;&#8221; row_responsive_large=&#8221;&#8221; row_responsive_medium=&#8221;&#8221; row_responsive_small=&#8221;&#8221; row_responsive_extra_small=&#8221;&#8221; dt_id=&#8221;&#8221; type=&#8221;&#8221; row_effect_backgound=&#8221;&#8221; row_head_color=&#8221;&#8221; row_link_color=&#8221;&#8221; row_link_color_hover=&#8221;&#8221; same_height=&#8221;&#8221; animation=&#8221;&#8221; enable_parallax=&#8221;&#8221; parallax_speed=&#8221;0.8&#8243; bg_video_color=&#8221;&#8221; bg_video_transparent=&#8221;0&#8243; bg_video_src_mp4=&#8221;&#8221; bg_video_src_ogv=&#8221;&#8221; bg_video_src_webm=&#8221;&#8221; el_id=&#8221;&#8221;][vc_column width=&#8221;1\/1&#8243; column_responsive_large=&#8221;&#8221; column_responsive_medium=&#8221;&#8221; column_responsive_small=&#8221;&#8221; column_responsive_extra_small=&#8221;&#8221; column_2_responsive=&#8221;&#8221; animation=&#8221;&#8221; text_align=&#8221;&#8221; column_style=&#8221;&#8221; css=&#8221;.vc_custom_1431124178145{padding-top: 40px !important;}&#8221;][\/vc_column][\/vc_row][vc_row full_width=&#8221;false&#8221; row_responsive_large=&#8221;&#8221; row_responsive_medium=&#8221;&#8221; row_responsive_small=&#8221;&#8221; row_responsive_extra_small=&#8221;&#8221; row_effect_backgound=&#8221;&#8221; same_height=&#8221;&#8221; enable_parallax=&#8221;&#8221; parallax_speed=&#8221;0.8&#8243; bg_video_transparent=&#8221;0&#8243; css=&#8221;.vc_custom_1434660563074{padding-bottom: 20px !important;}&#8221;][vc_column width=&#8221;1\/1&#8243; column_responsive_large=&#8221;&#8221; column_responsive_medium=&#8221;&#8221; column_responsive_small=&#8221;&#8221; column_responsive_extra_small=&#8221;&#8221; column_2_responsive=&#8221;&#8221; animation=&#8221;&#8221; text_align=&#8221;&#8221; column_style=&#8221;&#8221;][vc_btn title=&#8221;Sehen Sie sich die Wohnung Video auf YouTube&#8221; style=&#8221;flat&#8221; shape=&#8221;square&#8221; color=&#8221;chino&#8221; size=&#8221;md&#8221; align=&#8221;center&#8221; i_align=&#8221;left&#8221; i_type=&#8221;fontawesome&#8221; i_icon_fontawesome=&#8221;fa fa-youtube&#8221; i_icon_openiconic=&#8221;vc-oi vc-oi-dial&#8221; i_icon_typicons=&#8221;typcn typcn-adjust-brightness&#8221; i_icon_entypo=&#8221;entypo-icon entypo-icon-note&#8221; i_icon_linecons=&#8221;vc_li vc_li-heart&#8221; css_animation=&#8221;appear&#8221; link=&#8221;url:https%3A%2F%2Fwww.youtube.com%2Fplaylist%3Flist%3DPLesujexBfPnYRRiJA65liFIyuvqEaJMnu|title:Video%20Youtube|target:%20_blank&#8221; button_block=&#8221;true&#8221; add_icon=&#8221;true&#8221; i_icon_pixelicons=&#8221;vc_pixel_icon vc_pixel_icon-alert&#8221;][\/vc_column][\/vc_row][vc_row full_width=&#8221;false&#8221; parallax=&#8221;&#8221; parallax_image=&#8221;&#8221; row_responsive_large=&#8221;&#8221; row_responsive_medium=&#8221;&#8221; row_responsive_small=&#8221;&#8221; row_responsive_extra_small=&#8221;&#8221; dt_id=&#8221;&#8221; type=&#8221;&#8221; row_effect_backgound=&#8221;&#8221; row_head_color=&#8221;&#8221; row_link_color=&#8221;&#8221; row_link_color_hover=&#8221;&#8221; same_height=&#8221;&#8221; animation=&#8221;&#8221; enable_parallax=&#8221;&#8221; parallax_speed=&#8221;0.8&#8243; bg_video_color=&#8221;&#8221; bg_video_transparent=&#8221;0&#8243; bg_video_src_mp4=&#8221;&#8221; bg_video_src_ogv=&#8221;&#8221; bg_video_src_webm=&#8221;&#8221;][vc_column width=&#8221;1\/1&#8243; column_responsive_large=&#8221;&#8221; column_responsive_medium=&#8221;&#8221; column_responsive_small=&#8221;&#8221; column_responsive_extra_small=&#8221;&#8221; column_2_responsive=&#8221;&#8221; animation=&#8221;&#8221; text_align=&#8221;&#8221; column_style=&#8221;&#8221;][vc_masonry_media_grid style=&#8221;all&#8221; items_per_page=&#8221;10&#8243; element_width=&#8221;4&#8243; gap=&#8221;5&#8243; button_style=&#8221;rounded&#8221; button_color=&#8221;blue&#8221; button_size=&#8221;md&#8221; arrows_design=&#8221;none&#8221; arrows_position=&#8221;inside&#8221; arrows_color=&#8221;blue&#8221; paging_design=&#8221;radio_dots&#8221; paging_color=&#8221;grey&#8221; loop=&#8221;&#8221; autoplay=&#8221;-1&#8243; item=&#8221;masonryMedia_Default&#8221; grid_id=&#8221;vc_gid:1715952761771-4fcaadc3-5ac3-7&#8243; include=&#8221;2328,2327,2326,2325,2324,2323,2359,2321,2320,2319,2318,2317,2316,2315,2314,2313,2312,2311,2310,2309,2308&#8243;][\/vc_column][\/vc_row][vc_row full_width=&#8221;false&#8221; parallax=&#8221;&#8221; parallax_image=&#8221;&#8221; row_responsive_large=&#8221;&#8221; row_responsive_medium=&#8221;&#8221; row_responsive_small=&#8221;&#8221; row_responsive_extra_small=&#8221;&#8221; dt_id=&#8221;&#8221; type=&#8221;&#8221; row_effect_backgound=&#8221;&#8221; row_head_color=&#8221;&#8221; row_link_color=&#8221;&#8221; row_link_color_hover=&#8221;&#8221; same_height=&#8221;&#8221; animation=&#8221;&#8221; enable_parallax=&#8221;&#8221; parallax_speed=&#8221;0.8&#8243; bg_video_color=&#8221;&#8221; bg_video_transparent=&#8221;0&#8243; bg_video_src_mp4=&#8221;&#8221; bg_video_src_ogv=&#8221;&#8221; bg_video_src_webm=&#8221;&#8221; el_id=&#8221;&#8221;][vc_column width=&#8221;1\/1&#8243; column_responsive_large=&#8221;&#8221; column_responsive_medium=&#8221;&#8221; column_responsive_small=&#8221;&#8221; column_responsive_extra_small=&#8221;&#8221; column_2_responsive=&#8221;&#8221; animation=&#8221;&#8221; text_align=&#8221;&#8221; column_style=&#8221;&#8221; css=&#8221;.vc_custom_1431124142644{padding-top: 100px !important;}&#8221;][\/vc_column][\/vc_row]<\/p>\n<\/div>","protected":false},"excerpt":{"rendered":"<p>[vc_row full_width=&#8221;false&#8221; row_responsive_large=&#8221;&#8221; row_responsive_medium=&#8221;&#8221; row_responsive_small=&#8221;&#8221; row_responsive_extra_small=&#8221;&#8221; row_effect_backgound=&#8221;&#8221; same_height=&#8221;&#8221; enable_parallax=&#8221;&#8221; parallax_speed=&#8221;0.8&#8243; bg_video_transparent=&#8221;0&#8243; css=&#8221;.vc_custom_1431034505958{padding-top: 55px !important;padding-bottom: 0px !important;}&#8221;][vc_column width=&#8221;1\/1&#8243; column_responsive_large=&#8221;&#8221; column_responsive_medium=&#8221;&#8221; column_responsive_small=&#8221;&#8221; column_responsive_extra_small=&#8221;&#8221; column_2_responsive=&#8221;&#8221; offset=&#8221;vc_col-lg-6 vc_col-md-12 vc_col-xs-12&#8243;][vc_column_text] Wohnung LA RONDINE\u00a0LUCCA Doppelzimmer, Zimmer mit Klimaanlage mit Doppelschlafcouch, Ottomane Einzelbett und Bad mit Dusche im ersten Stock, ist das Dachgeschoss der K\u00fcche, Badezimmer mit Dusche und eine gro\u00dfe Terrasse [&hellip;]<\/p>\n","protected":false},"author":1,"featured_media":0,"parent":0,"menu_order":0,"comment_status":"closed","ping_status":"closed","template":"","meta":{"footnotes":""},"class_list":["post-1501","page","type-page","status-publish","hentry"],"_links":{"self":[{"href":"https:\/\/www.larondinepisa.it\/index.php?rest_route=\/wp\/v2\/pages\/1501","targetHints":{"allow":["GET"]}}],"collection":[{"href":"https:\/\/www.larondinepisa.it\/index.php?rest_route=\/wp\/v2\/pages"}],"about":[{"href":"https:\/\/www.larondinepisa.it\/index.php?rest_route=\/wp\/v2\/types\/page"}],"author":[{"embeddable":true,"href":"https:\/\/www.larondinepisa.it\/index.php?rest_route=\/wp\/v2\/users\/1"}],"replies":[{"embeddable":true,"href":"https:\/\/www.larondinepisa.it\/index.php?rest_route=%2Fwp%2Fv2%2Fcomments&post=1501"}],"version-history":[{"count":19,"href":"https:\/\/www.larondinepisa.it\/index.php?rest_route=\/wp\/v2\/pages\/1501\/revisions"}],"predecessor-version":[{"id":2370,"href":"https:\/\/www.larondinepisa.it\/index.php?rest_route=\/wp\/v2\/pages\/1501\/revisions\/2370"}],"wp:attachment":[{"href":"https:\/\/www.larondinepisa.it\/index.php?rest_route=%2Fwp%2Fv2%2Fmedia&parent=1501"}],"curies":[{"name":"wp","href":"https:\/\/api.w.org\/{rel}","templated":true}]}}