{"id":1503,"date":"2015-05-20T23:01:40","date_gmt":"2015-05-20T21:01:40","guid":{"rendered":"http:\/\/www.larondinepisa.it\/?page_id=1503"},"modified":"2024-05-02T16:10:11","modified_gmt":"2024-05-02T14:10:11","slug":"la-rondine-pisa-de","status":"publish","type":"page","link":"https:\/\/www.larondinepisa.it\/?page_id=1503","title":{"rendered":"La rondine pisa DE"},"content":{"rendered":"<div class=\"wpb_row clearfix vc_row-fluid cs-row-container-wrap vc_custom_1431034505958\"><div class=\"ww-parallax-bg\" style=\"background:#FFF ; opacity :0;\"><\/div><div class=\"container cs-row-container stripe-video-content \" ><div class=\"row\">\n\t<div class=\"vc_col-sm-12 vc_col-lg-6 vc_col-md-12 vc_col-xs-12 wpb_column vc_column_container  \" >\n\t\t<div class=\"wpb_wrapper\">\n\t\t\t\n\t<div class=\"wpb_text_column wpb_content_element \">\n\t\t<div class=\"wpb_wrapper\">\n\t\t\t<h1 style=\"line-height: 35px; margin-bottom: 25px; margin-top: -14px;\"><span class=\"light home-black-small\">Bed &amp; Breakfast<\/span> <span class=\"bold home-gold-small\">LA RONDINE\u00a0PISA<\/span><\/h1>\n<p class=\"regular home-text\">Bed and Breakfast La Rondine Pisa zusammengesetzt ist:<\/p>\n<p>Gro\u00dfes Wohnzimmer mit Spielplatz, voll ausgestattete K\u00fcche mit Mikrowelle und Geschirrsp\u00fcler, Waschraum mit Waschmaschinen, Trockner und Waschbecken in die Heimat-Aufenthalte. Einrichtungen ausgestattet sind.<\/p>\n<p class=\"regular home-text\">Sommer Veranda mit Holztischen f\u00fcr Mahlzeiten im Freien in der N\u00e4he der Grillplatz.<\/p>\n<p class=\"regular home-text\">m\u00f6glich, Fahrr\u00e4der zu g\u00fcnstigen Preisen im Angebot mieten.<\/p>\n<p class=\"regular home-text\">La Rondine ist als Bed and Breakfast, Pensionen oder Ferienhaus auf Nachfrage als Gast-Haus mit niedrigen Einstandspreise f\u00fcr l\u00e4ngere Zeit vorgeschlagen.<\/p>\n<p class=\"regular home-text\">La Rondine Hotel bietet Komfort, Ruhe und einer Einsiedelei, die Einfachheit von einem alten Landgasthof.<\/p>\n\n\t\t<\/div> \n\t<\/div> \n\t\t<\/div> \n\t<\/div> \n\n\t<div class=\"vc_col-sm-6 wpb_column vc_column_container   align-right hidden-md hidden-sm hidden-xs\" style=\" text-align: right;\">\n\t\t<div class=\"wpb_wrapper\">\n\t\t\t\n\t<div class=\"wpb_single_image wpb_content_element\">\n\t\t<div class=\"wpb_wrapper\">\n\t\t\t<img width=\"530\" height=\"594\" src=\"https:\/\/www.larondinepisa.it\/wordpress\/wp-content\/uploads\/2024\/05\/la-rondine-pisa.jpg\" class=\"attachment-full\" alt=\"La rondine pisa\" loading=\"lazy\" srcset=\"https:\/\/www.larondinepisa.it\/wordpress\/wp-content\/uploads\/2024\/05\/la-rondine-pisa.jpg 530w, https:\/\/www.larondinepisa.it\/wordpress\/wp-content\/uploads\/2024\/05\/la-rondine-pisa-268x300.jpg 268w\" sizes=\"(max-width: 530px) 100vw, 530px\" \/>\n\t\t\t\n\t\t<\/div> \n\t<\/div> \n\t\t<\/div> \n\t<\/div> \n<\/div><\/div><\/div><div class=\"wpb_row clearfix vc_row-fluid cs-row-container-wrap vc_custom_1431034505958\"><div class=\"ww-parallax-bg\" style=\"background: ; opacity :0;\"><\/div><div class=\"container cs-row-container stripe-video-content \" ><div class=\"row\">\n\t<div class=\"vc_col-sm-12 vc_col-xs-12 wpb_column vc_column_container   align-right hidden-lg\" style=\" text-align: right;\">\n\t\t<div class=\"wpb_wrapper\">\n\t\t\t\n\t<div class=\"wpb_single_image wpb_content_element\">\n\t\t<div class=\"wpb_wrapper\">\n\t\t\t<img width=\"530\" height=\"594\" src=\"https:\/\/www.larondinepisa.it\/wordpress\/wp-content\/uploads\/2024\/05\/la-rondine-pisa.jpg\" class=\"attachment-full\" alt=\"La rondine pisa\" loading=\"lazy\" srcset=\"https:\/\/www.larondinepisa.it\/wordpress\/wp-content\/uploads\/2024\/05\/la-rondine-pisa.jpg 530w, https:\/\/www.larondinepisa.it\/wordpress\/wp-content\/uploads\/2024\/05\/la-rondine-pisa-268x300.jpg 268w\" sizes=\"(max-width: 530px) 100vw, 530px\" \/>\n\t\t\t\n\t\t<\/div> \n\t<\/div> \n\t\t<\/div> \n\t<\/div> \n<\/div><\/div><\/div><div class=\"wpb_row clearfix vc_row-fluid cs-row-container-wrap\"><div class=\"ww-parallax-bg\" style=\"background: ; opacity :0;\"><\/div><div class=\"container cs-row-container stripe-video-content \" ><div class=\"row\">\n\t<div class=\"vc_col-sm-12 wpb_column vc_column_container   vc_custom_1431124178145\" >\n\t\t<div class=\"wpb_wrapper\">\n\t\t\t\n\t\t<\/div> \n\t<\/div> \n<\/div><\/div><\/div><div class=\"wpb_row clearfix vc_row-fluid cs-row-container-wrap vc_custom_1431034454968\"><div class=\"ww-parallax-bg\" style=\"background:#FFF ; opacity :0;\"><\/div><div class=\"container cs-row-container stripe-video-content \" ><div class=\"row\">\n\t<div class=\"vc_col-sm-6 wpb_column vc_column_container   align-left hidden-md hidden-sm hidden-xs\" style=\" text-align: left;\">\n\t\t<div class=\"wpb_wrapper\">\n\t\t\t\n\t<div class=\"wpb_single_image wpb_content_element\">\n\t\t<div class=\"wpb_wrapper\">\n\t\t\t<img width=\"530\" height=\"594\" src=\"https:\/\/www.larondinepisa.it\/wordpress\/wp-content\/uploads\/2024\/05\/limone.jpg\" class=\"attachment-full\" alt=\"La rondine pisa - limone\" loading=\"lazy\" srcset=\"https:\/\/www.larondinepisa.it\/wordpress\/wp-content\/uploads\/2024\/05\/limone.jpg 530w, https:\/\/www.larondinepisa.it\/wordpress\/wp-content\/uploads\/2024\/05\/limone-268x300.jpg 268w\" sizes=\"(max-width: 530px) 100vw, 530px\" \/>\n\t\t\t\n\t\t<\/div> \n\t<\/div> \n\t\t<\/div> \n\t<\/div> \n\n\t<div class=\"vc_col-sm-12 vc_col-lg-6 vc_col-md-12 vc_col-xs-12 wpb_column vc_column_container  \" >\n\t\t<div class=\"wpb_wrapper\">\n\t\t\t\n\t<div class=\"wpb_text_column wpb_content_element \">\n\t\t<div class=\"wpb_wrapper\">\n\t\t\t<h1 style=\"line-height: 35px; margin-bottom: 25px; margin-top: -14px;\"><span class=\"light home-black-small\">Zimmer<\/span> <span class=\"bold home-gold-small\">LEMON<\/span><\/h1>\n<p class=\"regular home-text\">Das Zimmer besteht aus Doppelbett aus Schmiedeeisen , TV, Klimaanlage und eigenem Bad.<\/p>\n<p class=\"regular home-text\">Der Raum muss um 10:00 Uhr am Tag der Abreise ger\u00e4umt werden.<\/p>\n\n\t\t<\/div> \n\t<\/div> \t<div class=\"vc_btn3-container vc_btn3-inline\"><a class=\"vc_general vc_btn3 vc_btn3-size-md vc_btn3-shape-rounded vc_btn3-style-custom vc_btn3-icon-left\"\n\t     href=\"http:\/\/www.larondinepisa.it\/?page_id=1507&#038;lang=de\"\n\t     title=\"\"\n\t     target=\"_self\"\n\t style=\"background-color:#a37b44;color:#ffffff;\"><i class=\"vc_btn3-icon fa fa-calendar\"><\/i> Kontakte<\/a><\/div>\n\n\t\t<\/div> \n\t<\/div> \n<\/div><\/div><\/div><div class=\"wpb_row clearfix vc_row-fluid cs-row-container-wrap vc_custom_1431034454968\"><div class=\"ww-parallax-bg\" style=\"background: ; opacity :0;\"><\/div><div class=\"container cs-row-container stripe-video-content \" ><div class=\"row\">\n\t<div class=\"vc_col-sm-12 vc_col-xs-12 wpb_column vc_column_container   align-left hidden-lg\" style=\" text-align: left;\">\n\t\t<div class=\"wpb_wrapper\">\n\t\t\t\n\t<div class=\"wpb_single_image wpb_content_element\">\n\t\t<div class=\"wpb_wrapper\">\n\t\t\t<img width=\"530\" height=\"594\" src=\"https:\/\/www.larondinepisa.it\/wordpress\/wp-content\/uploads\/2024\/05\/limone.jpg\" class=\"attachment-full\" alt=\"La rondine pisa - limone\" loading=\"lazy\" srcset=\"https:\/\/www.larondinepisa.it\/wordpress\/wp-content\/uploads\/2024\/05\/limone.jpg 530w, https:\/\/www.larondinepisa.it\/wordpress\/wp-content\/uploads\/2024\/05\/limone-268x300.jpg 268w\" sizes=\"(max-width: 530px) 100vw, 530px\" \/>\n\t\t\t\n\t\t<\/div> \n\t<\/div> \n\t\t<\/div> \n\t<\/div> \n<\/div><\/div><\/div><div class=\"wpb_row clearfix vc_row-fluid cs-row-container-wrap\"><div class=\"ww-parallax-bg\" style=\"background: ; opacity :0;\"><\/div><div class=\"container cs-row-container stripe-video-content \" ><div class=\"row\">\n\t<div class=\"vc_col-sm-12 wpb_column vc_column_container   vc_custom_1431124178145\" >\n\t\t<div class=\"wpb_wrapper\">\n\t\t\t\n\t\t<\/div> \n\t<\/div> \n<\/div><\/div><\/div><div class=\"wpb_row clearfix vc_row-fluid cs-row-container-wrap vc_custom_1431034505958\"><div class=\"ww-parallax-bg\" style=\"background: ; opacity :0;\"><\/div><div class=\"container cs-row-container stripe-video-content \" ><div class=\"row\">\n\t<div class=\"vc_col-sm-12 vc_col-lg-6 vc_col-md-12 vc_col-xs-12 wpb_column vc_column_container  \" >\n\t\t<div class=\"wpb_wrapper\">\n\t\t\t\n\t<div class=\"wpb_text_column wpb_content_element \">\n\t\t<div class=\"wpb_wrapper\">\n\t\t\t<h1 style=\"line-height: 35px; margin-bottom: 25px; margin-top: -14px;\"><span class=\"light home-black-small\">Zimmer<\/span> <span class=\"bold home-gold-small\">ORANGE<\/span><\/h1>\n<p class=\"regular home-text\">Die orange Zimmer ist ein Zimmer mit Doppelbett und Einzelbett; haben ein eigenes Bad , Farb-TV und Klimaanlage. Zustellbett oder Kinderbett zus\u00e4tzlich.<\/p>\n<p class=\"regular home-text\">Der Raum muss um 10:00 Uhr am Tag der Abreise ger\u00e4umt werden, Die gesch\u00e4tzte Ankunftszeit ist der erste Nachmittag.<\/p>\n\n\t\t<\/div> \n\t<\/div> \t<div class=\"vc_btn3-container vc_btn3-inline\"><a class=\"vc_general vc_btn3 vc_btn3-size-md vc_btn3-shape-rounded vc_btn3-style-custom vc_btn3-icon-left\"\n\t     href=\"http:\/\/www.larondinepisa.it\/?page_id=1507&#038;lang=de\"\n\t     title=\"\"\n\t     target=\"_self\"\n\t style=\"background-color:#a37b44;color:#ffffff;\"><i class=\"vc_btn3-icon fa fa-calendar\"><\/i> Kontakte<\/a><\/div>\n\n\t\t<\/div> \n\t<\/div> \n\n\t<div class=\"vc_col-sm-6 wpb_column vc_column_container   align-right hidden-md hidden-sm hidden-xs\" style=\" text-align: right;\">\n\t\t<div class=\"wpb_wrapper\">\n\t\t\t\n\t<div class=\"wpb_single_image wpb_content_element\">\n\t\t<div class=\"wpb_wrapper\">\n\t\t\t<img width=\"530\" height=\"594\" src=\"https:\/\/www.larondinepisa.it\/wordpress\/wp-content\/uploads\/2024\/05\/arancio.jpg\" class=\"attachment-full\" alt=\"La rondine pisa - arancio\" loading=\"lazy\" srcset=\"https:\/\/www.larondinepisa.it\/wordpress\/wp-content\/uploads\/2024\/05\/arancio.jpg 530w, https:\/\/www.larondinepisa.it\/wordpress\/wp-content\/uploads\/2024\/05\/arancio-268x300.jpg 268w\" sizes=\"(max-width: 530px) 100vw, 530px\" \/>\n\t\t\t\n\t\t<\/div> \n\t<\/div> \n\t\t<\/div> \n\t<\/div> \n<\/div><\/div><\/div><div class=\"wpb_row clearfix vc_row-fluid cs-row-container-wrap vc_custom_1431034505958\"><div class=\"ww-parallax-bg\" style=\"background: ; opacity :0;\"><\/div><div class=\"container cs-row-container stripe-video-content \" ><div class=\"row\">\n\t<div class=\"vc_col-sm-12 vc_col-xs-12 wpb_column vc_column_container   align-right hidden-lg\" style=\" text-align: right;\">\n\t\t<div class=\"wpb_wrapper\">\n\t\t\t\n\t<div class=\"wpb_single_image wpb_content_element\">\n\t\t<div class=\"wpb_wrapper\">\n\t\t\t<img width=\"530\" height=\"594\" src=\"https:\/\/www.larondinepisa.it\/wordpress\/wp-content\/uploads\/2024\/05\/arancio.jpg\" class=\"attachment-full\" alt=\"La rondine pisa - arancio\" loading=\"lazy\" srcset=\"https:\/\/www.larondinepisa.it\/wordpress\/wp-content\/uploads\/2024\/05\/arancio.jpg 530w, https:\/\/www.larondinepisa.it\/wordpress\/wp-content\/uploads\/2024\/05\/arancio-268x300.jpg 268w\" sizes=\"(max-width: 530px) 100vw, 530px\" \/>\n\t\t\t\n\t\t<\/div> \n\t<\/div> \n\t\t<\/div> \n\t<\/div> \n<\/div><\/div><\/div><div class=\"wpb_row clearfix vc_row-fluid cs-row-container-wrap\"><div class=\"ww-parallax-bg\" style=\"background: ; opacity :0;\"><\/div><div class=\"container cs-row-container stripe-video-content \" ><div class=\"row\">\n\t<div class=\"vc_col-sm-12 wpb_column vc_column_container   vc_custom_1431124178145\" >\n\t\t<div class=\"wpb_wrapper\">\n\t\t\t\n\t\t<\/div> \n\t<\/div> \n<\/div><\/div><\/div><div class=\"wpb_row clearfix vc_row-fluid cs-row-container-wrap vc_custom_1431034454968\"><div class=\"ww-parallax-bg\" style=\"background: ; opacity :0;\"><\/div><div class=\"container cs-row-container stripe-video-content \" ><div class=\"row\">\n\t<div class=\"vc_col-sm-6 wpb_column vc_column_container   align-left hidden-md hidden-sm hidden-xs\" style=\" text-align: left;\">\n\t\t<div class=\"wpb_wrapper\">\n\t\t\t\n\t<div class=\"wpb_single_image wpb_content_element\">\n\t\t<div class=\"wpb_wrapper\">\n\t\t\t<img width=\"530\" height=\"594\" src=\"https:\/\/www.larondinepisa.it\/wordpress\/wp-content\/uploads\/2024\/05\/mela.jpg\" class=\"attachment-full\" alt=\"La rondine pisa - mela\" loading=\"lazy\" srcset=\"https:\/\/www.larondinepisa.it\/wordpress\/wp-content\/uploads\/2024\/05\/mela.jpg 530w, https:\/\/www.larondinepisa.it\/wordpress\/wp-content\/uploads\/2024\/05\/mela-268x300.jpg 268w\" sizes=\"(max-width: 530px) 100vw, 530px\" \/>\n\t\t\t\n\t\t<\/div> \n\t<\/div> \n\t\t<\/div> \n\t<\/div> \n\n\t<div class=\"vc_col-sm-12 vc_col-lg-6 vc_col-md-12 vc_col-xs-12 wpb_column vc_column_container  \" >\n\t\t<div class=\"wpb_wrapper\">\n\t\t\t\n\t<div class=\"wpb_text_column wpb_content_element \">\n\t\t<div class=\"wpb_wrapper\">\n\t\t\t<h1 style=\"line-height: 35px; margin-bottom: 25px; margin-top: -14px;\"><span class=\"light home-black-small\">Zimmer<\/span> <span class=\"bold home-gold-small\">APPLE<\/span><\/h1>\n<p class=\"regular home-text\">APPLE Zimmer ist ein Zimmer mit Doppelbett aus Schmiedeeisen ; haben ein eigenes Bad , Farb-TV und Klimaanlage. Zusatzbett oder Kinderbett f\u00fcr Kinder zus\u00e4tzlich.<\/p>\n<p class=\"regular home-text\">Der Raum muss um 10:00 Uhr am Tag der Abreise ger\u00e4umt werden, Die gesch\u00e4tzte Ankunftszeit ist der erste Nachmittag.<\/p>\n\n\t\t<\/div> \n\t<\/div> \t<div class=\"vc_btn3-container vc_btn3-inline\"><a class=\"vc_general vc_btn3 vc_btn3-size-md vc_btn3-shape-rounded vc_btn3-style-custom vc_btn3-icon-left\"\n\t     href=\"http:\/\/www.larondinepisa.it\/?page_id=1507&#038;lang=de\"\n\t     title=\"\"\n\t     target=\"_self\"\n\t style=\"background-color:#a37b44;color:#ffffff;\"><i class=\"vc_btn3-icon fa fa-calendar\"><\/i> Kontakte<\/a><\/div>\n\n\t\t<\/div> \n\t<\/div> \n<\/div><\/div><\/div><div class=\"wpb_row clearfix vc_row-fluid cs-row-container-wrap vc_custom_1431034454968\"><div class=\"ww-parallax-bg\" style=\"background: ; opacity :0;\"><\/div><div class=\"container cs-row-container stripe-video-content \" ><div class=\"row\">\n\t<div class=\"vc_col-sm-12 vc_col-xs-12 wpb_column vc_column_container   align-left hidden-lg\" style=\" text-align: left;\">\n\t\t<div class=\"wpb_wrapper\">\n\t\t\t\n\t<div class=\"wpb_single_image wpb_content_element\">\n\t\t<div class=\"wpb_wrapper\">\n\t\t\t<img width=\"530\" height=\"594\" src=\"https:\/\/www.larondinepisa.it\/wordpress\/wp-content\/uploads\/2024\/05\/mela.jpg\" class=\"attachment-full\" alt=\"La rondine pisa - mela\" loading=\"lazy\" srcset=\"https:\/\/www.larondinepisa.it\/wordpress\/wp-content\/uploads\/2024\/05\/mela.jpg 530w, https:\/\/www.larondinepisa.it\/wordpress\/wp-content\/uploads\/2024\/05\/mela-268x300.jpg 268w\" sizes=\"(max-width: 530px) 100vw, 530px\" \/>\n\t\t\t\n\t\t<\/div> \n\t<\/div> \n\t\t<\/div> \n\t<\/div> \n<\/div><\/div><\/div><div class=\"wpb_row clearfix vc_row-fluid cs-row-container-wrap\"><div class=\"ww-parallax-bg\" style=\"background: ; opacity :0;\"><\/div><div class=\"container cs-row-container stripe-video-content \" ><div class=\"row\">\n\t<div class=\"vc_col-sm-12 wpb_column vc_column_container   vc_custom_1431124142644\" >\n\t\t<div class=\"wpb_wrapper\">\n\t\t\t\n\t\t<\/div> \n\t<\/div> \n<\/div><\/div><\/div><div class=\"wpb_row clearfix vc_row-fluid cs-row-container-wrap vc_custom_1434661523970\"><div class=\"ww-parallax-bg\" style=\"background:#FFF ; opacity :0;\"><\/div><div class=\"container cs-row-container stripe-video-content \" ><div class=\"row\">\n\t<div class=\"vc_col-sm-12 wpb_column vc_column_container  \" >\n\t\t<div class=\"wpb_wrapper\">\n\t\t\t\t<div class=\"vc_btn3-container  wpb_animate_when_almost_visible wpb_appear vc_btn3-center\"><a class=\"vc_general vc_btn3 vc_btn3-size-md vc_btn3-shape-square vc_btn3-style-classic vc_btn3-block vc_btn3-icon-left vc_btn3-color-chino\"\n\t     href=\"https:\/\/www.youtube.com\/playlist?list=PLesujexBfPnYnie6P20LYCj0jzZAg-vDK\"\n\t     title=\"Youtube Videos\"\n\t     target=\"_self\"\n\t><i class=\"vc_btn3-icon fa fa-youtube\"><\/i> Sehen Sie sich die Videos auf YouTube<\/a><\/div>\n\n\t\t<\/div> \n\t<\/div> \n<\/div><\/div><\/div><div class=\"wpb_row clearfix vc_row-fluid cs-row-container-wrap\"><div class=\"ww-parallax-bg\" style=\"background: ; opacity :0;\"><\/div><div class=\"container cs-row-container stripe-video-content \" ><div class=\"row\">\n\t<div class=\"vc_col-sm-12 wpb_column vc_column_container  \" >\n\t\t<div class=\"wpb_wrapper\">\n\t\t\t<!-- vc_grid start -->\n<div class=\"vc_grid-container-wrapper vc_clearfix\">\n\t<div class=\"vc_grid-container vc_clearfix wpb_content_element vc_masonry_media_grid\"\n\t     data-vc-grid-settings=\"{&quot;page_id&quot;:1503,&quot;style&quot;:&quot;all-masonry&quot;,&quot;action&quot;:&quot;vc_get_vc_grid_data&quot;,&quot;animation_in&quot;:&quot;zoomIn&quot;,&quot;shortcode_id&quot;:&quot;{failed_to_get_id:\\&quot;vc_gid:1714659010747-319658d3-ffaf-0\\&quot;}&quot;,&quot;tag&quot;:&quot;vc_masonry_media_grid&quot;}\"\n\t     data-vc-request=\"\/wordpress\/wp-admin\/admin-ajax.php\"\n\t     data-vc-post-id=\"1503\">\n\t<\/div><!-- vc_grid end -->\n<\/div>\n\n\n\n\t\t<\/div> \n\t<\/div> \n<\/div><\/div><\/div><div class=\"wpb_row clearfix vc_row-fluid cs-row-container-wrap\"><div class=\"ww-parallax-bg\" style=\"background: ; opacity :0;\"><\/div><div class=\"container cs-row-container stripe-video-content \" ><div class=\"row\">\n\t<div class=\"vc_col-sm-12 wpb_column vc_column_container   vc_custom_1431124142644\" >\n\t\t<div class=\"wpb_wrapper\">\n\t\t\t\n\t\t<\/div> \n\t<\/div> \n<\/div><\/div><\/div>\n","protected":false},"excerpt":{"rendered":"Bed &amp; Breakfast LA RONDINE\u00a0PISA Bed and Breakfast La Rondine Pisa zusammengesetzt ist: Gro\u00dfes Wohnzimmer mit Spielplatz, voll ausgestattete K\u00fcche mit Mikrowelle und Geschirrsp\u00fcler, Waschraum mit Waschmaschinen, Trockner und Waschbecken in die Heimat-Aufenthalte. Einrichtungen ausgestattet sind. Sommer Veranda mit Holztischen f\u00fcr Mahlzeiten im Freien in der N\u00e4he der Grillplatz. m\u00f6glich, Fahrr\u00e4der zu g\u00fcnstigen Preisen im [...]","protected":false},"author":1,"featured_media":0,"parent":0,"menu_order":0,"comment_status":"closed","ping_status":"closed","template":"","meta":[],"_links":{"self":[{"href":"https:\/\/www.larondinepisa.it\/index.php?rest_route=\/wp\/v2\/pages\/1503"}],"collection":[{"href":"https:\/\/www.larondinepisa.it\/index.php?rest_route=\/wp\/v2\/pages"}],"about":[{"href":"https:\/\/www.larondinepisa.it\/index.php?rest_route=\/wp\/v2\/types\/page"}],"author":[{"embeddable":true,"href":"https:\/\/www.larondinepisa.it\/index.php?rest_route=\/wp\/v2\/users\/1"}],"replies":[{"embeddable":true,"href":"https:\/\/www.larondinepisa.it\/index.php?rest_route=%2Fwp%2Fv2%2Fcomments&post=1503"}],"version-history":[{"count":22,"href":"https:\/\/www.larondinepisa.it\/index.php?rest_route=\/wp\/v2\/pages\/1503\/revisions"}],"predecessor-version":[{"id":2351,"href":"https:\/\/www.larondinepisa.it\/index.php?rest_route=\/wp\/v2\/pages\/1503\/revisions\/2351"}],"wp:attachment":[{"href":"https:\/\/www.larondinepisa.it\/index.php?rest_route=%2Fwp%2Fv2%2Fmedia&parent=1503"}],"curies":[{"name":"wp","href":"https:\/\/api.w.org\/{rel}","templated":true}]}}