{"id":1773,"date":"2015-06-16T15:07:42","date_gmt":"2015-06-16T13:07:42","guid":{"rendered":"http:\/\/www.larondinepisa.it\/?page_id=1773"},"modified":"2015-06-16T15:07:42","modified_gmt":"2015-06-16T13:07:42","slug":"cookie-politik","status":"publish","type":"page","link":"https:\/\/www.larondinepisa.it\/?page_id=1773","title":{"rendered":"Cookie Politik"},"content":{"rendered":"<p>Ein Cookie ist eine kleine Datei, die an Ihren Browser gesendet und auf Ihrem Ger\u00e4t gespeichert, wenn Sie eine Webseite besuchen.<br \/>\nCookies erm\u00f6glichen einen effizienten Betrieb der Website und seine Leistung verbessern, auch Angaben zu der Anbieter der Seite, f\u00fcr statistische Zwecke oder Werbung, vor allem, um Ihre Browser-Erfahrung zu erinnern Deine Pr\u00e4ferenzen (zum Beispiel, um die Sprache und W\u00e4hrung Sie sich daran erinnern zu personifizieren gesetzt, um Sie bei Ihrem n\u00e4chsten Besuch wieder zu erkennen, etc.).<\/p>\n<p><strong>Die von uns verwendeten Cookies und zu welchem \u200b\u200bZweck?<\/strong><br \/>\nUnsere Website verwendet verschiedene Arten von Cookies und \u00e4hnlichen Technologien, von denen jede eine bestimmte Funktion hat. Die folgende Tabelle zeigt.<\/p>\n<p><strong>Arten von Cookies<\/strong><br \/>\nBasierend auf den Eigenschaften und Verwendung von Cookies k\u00f6nnen wir einige Kategorien zu unterscheiden:<br \/>\nCookie-Techniker und unbedingt erforderlich ist. Diese Cookies sind f\u00fcr das reibungslose Funktionieren und werden verwendet, um die Anmeldung und den Zugang zu reservierten Funktionen der Website verwalten. Die Dauer der Cookies ist streng auf die Arbeitssitzung begrenzt und dann schloss den Browser gel\u00f6scht.<br \/>\nCookie technische Analyse, Leistung und Funktionalit\u00e4t. Cookies werden verwendet, zu sammeln und zu analysieren, Verkehr und die Nutzung der Website anonym. Diese Cookies nicht die Identifizierung des Benutzers zu erm\u00f6glichen und nicht f\u00fcr andere Zwecke verwendet.<br \/>\nSie k\u00f6nnen wiederum in Cookies oder Browser-Sitzung, die die normale Navigation und Nutzung der Website garantieren aufgeteilt werden;<br \/>\nCookies Analytik, \u00e4hnlich wie Cookies Techniker werden verwendet, um Informationen zu sammeln, in Summe, die Zahl der Nutzer, und wie sie die Website besuchen;<br \/>\nCookie-Funktion, die den Benutzer-Browsing-Funktion aus einer Reihe von ausgew\u00e4hlten Kriterien zu erm\u00f6glichen (zum Beispiel die Sprache, die f\u00fcr den Kauf ausgew\u00e4hlter Produkte), um den Service zu derselben gemacht zu verbessern.<\/p>\n<p><strong>Cookie-Profiling.<\/strong><br \/>\n(Diese Website verwendet nicht diese Art von Cookie).<br \/>\nEs handelt sich um permanente Cookies zur Identifizierung (anonym oder nicht), Benutzer-Einstellungen und verbessern Sie Ihre Erfahrungen navigation.<br \/>\nCookies Profiling werden auf die Erstellung von Profilen Benutzer ausgerichtet und werden eingesetzt, um Werbebotschaften in Einklang mit den von dem gleichen Teil des Surfen im Netz gezeigt Pr\u00e4ferenzen zu senden. Angesichts der betr\u00e4chtlichen Invasivit\u00e4t, dass solche Ger\u00e4te kann ein Teil der Privatsph\u00e4re der Nutzer, die europ\u00e4ischen und italienischen Rechtsvorschriften muss der Benutzer ordnungsgem\u00e4\u00df auf der Verwendung der gleichen und ausdr\u00fcckliche Zustimmung zu informieren.<\/p>\n<p><strong>Cookies von Drittanbietern<\/strong><br \/>\nDer Besuch einer Webseite k\u00f6nnen Sie sowohl Cookies von Websites, die von anderen Organisationen (&#8220;Dritte&#8221;) aufrechterhalten erhalten von der Website besucht wird (&#8220;Eigent\u00fcmer&#8221;). Ein bemerkenswertes Beispiel ist die Anwesenheit von &#8220;Social Plugin&#8221; f\u00fcr Facebook, Twitter, Google+ und LinkedIn. Es ist Teil der Seite direkt von diesen Seiten besucht erzeugt und in Website Seite Host integriert. Die h\u00e4ufigste Verwendung von Social Plugins auf den Austausch von Inhalten in sozialen Netzwerken ab.<br \/>\nDas Vorhandensein dieser Plugins beinhaltet die \u00dcbertragung von Cookies zu und von allen Websites von Dritten betrieben werden. Das Management der durch &#8220;Dritte&#8221; gesammelten Informationen werden von den relevanten Informationen, die verweisen geregelt.<\/p>\n<p><strong> Wie kann ich deaktivieren Cookies und meine Vorlieben zu verwalten?<\/strong><br \/>\nDie meisten Browser sind so konfiguriert, zu akzeptieren, durch die Einstellungen zu kontrollieren oder m\u00f6glicherweise deaktivieren Cookies. Wir erinnern Sie daran, Sie jedoch, dass die Deaktivierung von Cookies oder Navigationsfunktions diejenigen begrenzen und auf den Betrieb der Website und \/ oder die Dienstleistung, die wir anbieten zu begrenzen.<\/p>\n<p>Auf dem Pfad zu folgen, um Cookies von einigen der beliebtesten Browser zu verwalten:<br \/>\nDiese Links sind jedoch unter der Kontrolle der jeweiligen Eigent\u00fcmer \u00e4ndern. In diesem Fall wird vorgeschlagen, mit gezielte Suche gehen:<br \/>\nIE: <a href=\"http:\/\/windows.microsoft.com\/it-it\/windows7\/block-enable-or-allow-cookies\">http:\/\/windows.microsoft.com\/it-it\/windows7\/block-enable-or-allow-cookies<\/a><br \/>\nSafari: <a href=\"http:\/\/support.apple.com\/kb\/PH19255\">http:\/\/support.apple.com\/kb\/PH19255<\/a><br \/>\nChrome: <a href=\"https:\/\/support.google.com\/chrome\/answer\/95647?hl=it-IT&amp;hlrm=fr&amp;hlrm=en\">https:\/\/support.google.com\/chrome\/answer\/95647?hl=it-IT&amp;hlrm=fr&amp;hlrm=en<\/a><br \/>\nFirefox: <a href=\"http:\/\/support.mozilla.org\/it-IT\/kb\/enable-and-disable-cookies-website-preferences\">http:\/\/support.mozilla.org\/it-IT\/kb\/enable-and-disable-cookies-website-preferences<\/a><\/p>\n<p>Um mehr \u00fcber Cookies zu erfahren und um Ihre Einstellungen f\u00fcr Cookies verwalten Profilierungs Dritten besuchen Sie bitte <a href=\"http:\/\/www.youronlinechoices.com\">http:\/\/www.youronlinechoices.com<\/a>.<br \/>\n<a href=\"Https:\/\/tools.google.com\/dlpage\/gaoptout\">Https:\/\/tools.google.com\/dlpage\/gaoptout<\/a>: So deaktivieren Sie Cookies analytischen und zu verhindern, Google Analytics, um Informationen \u00fcber Ihre Navigation zu sammeln, k\u00f6nnen Sie das Add-Browser f\u00fcr die Deaktivierung von Google Analytics herunterladen.<\/p>\n","protected":false},"excerpt":{"rendered":"<p>Ein Cookie ist eine kleine Datei, die an Ihren Browser gesendet und auf Ihrem Ger\u00e4t gespeichert, wenn Sie eine Webseite besuchen. Cookies erm\u00f6glichen einen effizienten Betrieb der Website und seine Leistung verbessern, auch Angaben zu der Anbieter der Seite, f\u00fcr statistische Zwecke oder Werbung, vor allem, um Ihre Browser-Erfahrung zu erinnern Deine Pr\u00e4ferenzen (zum Beispiel, [&hellip;]<\/p>\n","protected":false},"author":1,"featured_media":0,"parent":0,"menu_order":0,"comment_status":"closed","ping_status":"closed","template":"","meta":[],"_links":{"self":[{"href":"https:\/\/www.larondinepisa.it\/index.php?rest_route=\/wp\/v2\/pages\/1773"}],"collection":[{"href":"https:\/\/www.larondinepisa.it\/index.php?rest_route=\/wp\/v2\/pages"}],"about":[{"href":"https:\/\/www.larondinepisa.it\/index.php?rest_route=\/wp\/v2\/types\/page"}],"author":[{"embeddable":true,"href":"https:\/\/www.larondinepisa.it\/index.php?rest_route=\/wp\/v2\/users\/1"}],"replies":[{"embeddable":true,"href":"https:\/\/www.larondinepisa.it\/index.php?rest_route=%2Fwp%2Fv2%2Fcomments&post=1773"}],"version-history":[{"count":1,"href":"https:\/\/www.larondinepisa.it\/index.php?rest_route=\/wp\/v2\/pages\/1773\/revisions"}],"predecessor-version":[{"id":1774,"href":"https:\/\/www.larondinepisa.it\/index.php?rest_route=\/wp\/v2\/pages\/1773\/revisions\/1774"}],"wp:attachment":[{"href":"https:\/\/www.larondinepisa.it\/index.php?rest_route=%2Fwp%2Fv2%2Fmedia&parent=1773"}],"curies":[{"name":"wp","href":"https:\/\/api.w.org\/{rel}","templated":true}]}}